{"id":1432,"date":"2024-05-12T09:50:57","date_gmt":"2024-05-12T07:50:57","guid":{"rendered":"https:\/\/www.radmeister.de\/de\/?page_id=1432"},"modified":"2024-07-15T21:22:49","modified_gmt":"2024-07-15T19:22:49","slug":"kontakt","status":"publish","type":"page","link":"https:\/\/www.radmeister.de\/de\/kontakt\/","title":{"rendered":"Kontakt"},"content":{"rendered":"\n<p>Wir freuen uns auf Sie! <\/p>\n\n\n\n<p>Radmeister &#8211; Die Fahrradwerkstatt<br>S\u00fclzg\u00fcrtel 23<br>50937 K\u00f6ln<\/p>\n\n\n\n<p>Telefon: 0221 &#8211; 28 27 44 53<br>E-Mail: <a href=\"mailto:service@radmeister.de\">service@radmeister.de<\/a><\/p>\n\n\n\n<p><strong>Unsere Telefon- und Werkstattzeiten<\/strong><\/p>\n\n\n\n<p>Montag &#8211; Freitag: 10:00 &#8211; 16:00 Uhr<br><\/p>\n\n\n\n<p><strong>\u00d6ffnungs- und Servicezeiten<\/strong><\/p>\n\n\n\n<p>Montag &#8211; Freitag: 16:00 &#8211; 18:00 Uhr<br>Samstag: 10:00 &#8211; 13:00 Uhr<\/p>\n\n\n<div class=\"wp-block-image\">\n<figure class=\"alignleft size-full\"><a href=\"https:\/\/termin.velocom.de\/termin\/login.jsf?applicationID=LVGW3F3Q2M\"><img loading=\"lazy\" decoding=\"async\" width=\"289\" height=\"66\" src=\"https:\/\/www.radmeister.de\/de\/wp-content\/uploads\/2024\/05\/Termin-buchen.png\" alt=\"\" class=\"wp-image-1628\"\/><\/a><\/figure>\n<\/div>\n\n\n<p><br><\/p>\n\n\n\n&nbsp;<br><br>\n\n\n\n<p><\/p>\n\n\n\n<iframe src=\"https:\/\/www.google.com\/maps\/embed?pb=!1m18!1m12!1m3!1d5031.110718908606!2d6.91898777664293!3d50.91344295391969!2m3!1f0!2f0!3f0!3m2!1i1024!2i768!4f13.1!3m3!1m2!1s0x47bf24ed1a1d5529%3A0x6da642cb14d03d63!2sRadmeister%20-%20Die%20Fahrradwerkstatt.!5e0!3m2!1sde!2sde!4v1715502289802!5m2!1sde!2sde\" width=\"800\" height=\"400\" style=\"border:0;\" allowfullscreen=\"\" loading=\"lazy\" referrerpolicy=\"no-referrer-when-downgrade\"><\/iframe>\n","protected":false},"excerpt":{"rendered":"<p>Wir freuen uns auf Sie! Radmeister &#8211; Die FahrradwerkstattS\u00fclzg\u00fcrtel 2350937 K\u00f6ln Telefon: 0221 &#8211; 28 27 44 53E-Mail: service@radmeister.de Unsere Telefon- und Werkstattzeiten Montag &#8211; Freitag: 10:00 &#8211; 16:00 Uhr \u00d6ffnungs- und Servicezeiten Montag &#8211; Freitag: 16:00 &#8211; 18:00 UhrSamstag: 10:00 &#8211; 13:00 Uhr &nbsp;<span class=\"more-link\"><a href=\"https:\/\/www.radmeister.de\/de\/kontakt\/\">Continue Reading<\/a><\/span><\/p>\n","protected":false},"author":1,"featured_media":0,"parent":0,"menu_order":0,"comment_status":"closed","ping_status":"closed","template":"","meta":{"footnotes":""},"class_list":["entry","author-radministrator","post-1432","page","type-page","status-publish"],"_links":{"self":[{"href":"https:\/\/www.radmeister.de\/de\/wp-json\/wp\/v2\/pages\/1432","targetHints":{"allow":["GET"]}}],"collection":[{"href":"https:\/\/www.radmeister.de\/de\/wp-json\/wp\/v2\/pages"}],"about":[{"href":"https:\/\/www.radmeister.de\/de\/wp-json\/wp\/v2\/types\/page"}],"author":[{"embeddable":true,"href":"https:\/\/www.radmeister.de\/de\/wp-json\/wp\/v2\/users\/1"}],"replies":[{"embeddable":true,"href":"https:\/\/www.radmeister.de\/de\/wp-json\/wp\/v2\/comments?post=1432"}],"version-history":[{"count":45,"href":"https:\/\/www.radmeister.de\/de\/wp-json\/wp\/v2\/pages\/1432\/revisions"}],"predecessor-version":[{"id":1713,"href":"https:\/\/www.radmeister.de\/de\/wp-json\/wp\/v2\/pages\/1432\/revisions\/1713"}],"wp:attachment":[{"href":"https:\/\/www.radmeister.de\/de\/wp-json\/wp\/v2\/media?parent=1432"}],"curies":[{"name":"wp","href":"https:\/\/api.w.org\/{rel}","templated":true}]}}