{"id":1465,"date":"2024-05-12T10:58:00","date_gmt":"2024-05-12T08:58:00","guid":{"rendered":"https:\/\/www.radmeister.de\/de\/?page_id=1465"},"modified":"2024-10-29T18:34:28","modified_gmt":"2024-10-29T17:34:28","slug":"ueber-uns","status":"publish","type":"page","link":"https:\/\/www.radmeister.de\/de\/ueber-uns\/","title":{"rendered":"\u00dcber uns"},"content":{"rendered":"\n<p>Seit \u00fcber zehn Jahren sind wir Ihre kompetente und freundliche Fahrradwerkstatt in K\u00f6ln-S\u00fclz. Das Original im Veedel!<\/p>\n\n\n\n<p>Unser Team besteht aus leidenschaftlichen Radfahrern und begeisterten Mechanikern und das merkt man sowohl an unserem Service als auch an der Qualit\u00e4t unserer Arbeit.<\/p>\n\n\n\n<p>Wir reparieren, restaurieren und warten jedes Rad: Von E-Bikes, Pedelecs und Lastenr\u00e4dern bis hin zu Ihrem Lieblingsdrahtesel \u2013 ganz unabh\u00e4ngig von der Marke (E-Systeme vorbehalten). Dabei verbauen wir ausgew\u00e4hltes Markenzubeh\u00f6r zu sehr fairen Preisen.<\/p>\n\n\n\n<p><\/p>\n\n\n\n<div class=\"wp-block-columns is-layout-flex wp-container-core-columns-is-layout-9d6595d7 wp-block-columns-is-layout-flex\">\n<div class=\"wp-block-column is-layout-flow wp-block-column-is-layout-flow\">\n<figure class=\"wp-block-image size-full\"><img loading=\"lazy\" decoding=\"async\" width=\"300\" height=\"450\" src=\"https:\/\/www.radmeister.de\/de\/wp-content\/uploads\/2024\/05\/Radmeister-Portrait-FW.jpg\" alt=\"\" class=\"wp-image-1467\" srcset=\"https:\/\/www.radmeister.de\/de\/wp-content\/uploads\/2024\/05\/Radmeister-Portrait-FW.jpg 300w, https:\/\/www.radmeister.de\/de\/wp-content\/uploads\/2024\/05\/Radmeister-Portrait-FW-200x300.jpg 200w\" sizes=\"auto, (max-width: 300px) 100vw, 300px\" \/><figcaption class=\"wp-element-caption\">Frederic Wulf<\/figcaption><\/figure>\n\n\n\n<p>Nach der Gr\u00fcndung 2011 ist Frederic seit Anfang 2013 Teil des Radmeister-Teams und bringt mehr als 25 Jahre Erfahrung im Fahrrad- als auch im Motorrad-Bereich mit. 2021 erf\u00fcllte er sich seinen Traum und wurde zum Inhaber der Werkstatt.<\/p>\n<\/div>\n\n\n\n<div class=\"wp-block-column is-layout-flow wp-block-column-is-layout-flow\">\n<figure class=\"wp-block-image size-full\"><img loading=\"lazy\" decoding=\"async\" width=\"300\" height=\"450\" src=\"https:\/\/www.radmeister.de\/de\/wp-content\/uploads\/2024\/05\/Radmeister-Portrait-AF.jpg\" alt=\"\" class=\"wp-image-1468\" srcset=\"https:\/\/www.radmeister.de\/de\/wp-content\/uploads\/2024\/05\/Radmeister-Portrait-AF.jpg 300w, https:\/\/www.radmeister.de\/de\/wp-content\/uploads\/2024\/05\/Radmeister-Portrait-AF-200x300.jpg 200w\" sizes=\"auto, (max-width: 300px) 100vw, 300px\" \/><figcaption class=\"wp-element-caption\">Alexander Fitzler<\/figcaption><\/figure>\n\n\n\n<p>Alexander pr\u00e4gen fast 40 Jahre Berufserfahrung sowohl im Zweirad- als auch im KFZ-Bereich. Er ist Ihr Spezialist f\u00fcr E-Bikes und Pedelecs.<\/p>\n<\/div>\n<\/div>\n","protected":false},"excerpt":{"rendered":"<p>Seit \u00fcber zehn Jahren sind wir Ihre kompetente und freundliche Fahrradwerkstatt in K\u00f6ln-S\u00fclz. Das Original im Veedel! Unser Team besteht aus leidenschaftlichen Radfahrern und begeisterten Mechanikern und das merkt man sowohl an unserem Service als auch an der Qualit\u00e4t unserer Arbeit. Wir reparieren, restaurieren und warten jedes Rad: Von E-Bikes,<span class=\"more-link\"><a href=\"https:\/\/www.radmeister.de\/de\/ueber-uns\/\">Continue Reading<\/a><\/span><\/p>\n","protected":false},"author":1,"featured_media":0,"parent":0,"menu_order":0,"comment_status":"closed","ping_status":"closed","template":"","meta":{"footnotes":""},"class_list":["entry","author-radministrator","post-1465","page","type-page","status-publish"],"_links":{"self":[{"href":"https:\/\/www.radmeister.de\/de\/wp-json\/wp\/v2\/pages\/1465","targetHints":{"allow":["GET"]}}],"collection":[{"href":"https:\/\/www.radmeister.de\/de\/wp-json\/wp\/v2\/pages"}],"about":[{"href":"https:\/\/www.radmeister.de\/de\/wp-json\/wp\/v2\/types\/page"}],"author":[{"embeddable":true,"href":"https:\/\/www.radmeister.de\/de\/wp-json\/wp\/v2\/users\/1"}],"replies":[{"embeddable":true,"href":"https:\/\/www.radmeister.de\/de\/wp-json\/wp\/v2\/comments?post=1465"}],"version-history":[{"count":11,"href":"https:\/\/www.radmeister.de\/de\/wp-json\/wp\/v2\/pages\/1465\/revisions"}],"predecessor-version":[{"id":1722,"href":"https:\/\/www.radmeister.de\/de\/wp-json\/wp\/v2\/pages\/1465\/revisions\/1722"}],"wp:attachment":[{"href":"https:\/\/www.radmeister.de\/de\/wp-json\/wp\/v2\/media?parent=1465"}],"curies":[{"name":"wp","href":"https:\/\/api.w.org\/{rel}","templated":true}]}}